{"id":3,"date":"2021-08-09T10:20:40","date_gmt":"2021-08-09T10:20:40","guid":{"rendered":"http:\/\/www.wewillconquertheworld.it\/sirecom\/?page_id=3"},"modified":"2021-10-21T17:48:10","modified_gmt":"2021-10-21T17:48:10","slug":"privacy-policy","status":"publish","type":"page","link":"https:\/\/sirecomtappetiitalia.com\/fr\/privacy-policy\/","title":{"rendered":"Privacy Policy"},"content":{"rendered":"<div class=\"fusion-fullwidth fullwidth-box fusion-builder-row-1 fusion-flex-container nonhundred-percent-fullwidth non-hundred-percent-height-scrolling\" style=\"--link_hover_color: #000000;--awb-border-radius-top-left:0px;--awb-border-radius-top-right:0px;--awb-border-radius-bottom-right:0px;--awb-border-radius-bottom-left:0px;--awb-padding-top:30px;--awb-padding-top-small:30px;--awb-padding-right-small:10px;--awb-padding-bottom-small:30px;--awb-padding-left-small:10px;--awb-flex-wrap:wrap;\" ><div class=\"fusion-builder-row fusion-row fusion-flex-align-items-flex-start fusion-flex-content-wrap\" style=\"max-width:104%;margin-left: calc(-4% \/ 2 );margin-right: calc(-4% \/ 2 );\"><div class=\"fusion-layout-column fusion_builder_column fusion-builder-column-0 fusion_builder_column_1_1 1_1 fusion-flex-column\" style=\"--awb-bg-size:cover;--awb-width-large:100%;--awb-margin-top-large:0px;--awb-spacing-right-large:1.92%;--awb-margin-bottom-large:0px;--awb-spacing-left-large:1.92%;--awb-width-medium:100%;--awb-spacing-right-medium:1.92%;--awb-spacing-left-medium:1.92%;--awb-width-small:100%;--awb-spacing-right-small:1.92%;--awb-spacing-left-small:1.92%;\"><div class=\"fusion-column-wrapper fusion-flex-justify-content-flex-start fusion-content-layout-column\"><div class=\"fusion-text fusion-text-1 sm-text-align-justify\"><\/p>\n<p>Il sito \u00e8 gestito da Sirecom Tappeti Italia srl, CF e PI 10541400965, con sede legale in Bellinzago Lombardo, via Roma 105.<br \/>L\u2019utilizzo del Sito \u00e8 consentito solo previa accettazione dei Termini d\u2019Uso. Ci riserviamo il diritto, a nostra esclusiva discrezione, di implementare, modificare o eliminare in qualsiasi momento parti dei presenti termini d\u2019uso, in conformit\u00e0 con le procedure pi\u00f9 avanti descritte.<\/p>\n<p>Tutto il materiale contenuto nel Sito sono protetti da diritto d\u2019autore di propriet\u00e0 di Sirecom Tappeti Italia srl, quindi non pu\u00f2 essere copiato, riprodotto, ripubblicato, caricato, inviato, trasmesso, n\u00e9 distribuito in alcun modo. \u00c8 consentito solo lo scaricamento di una copia dei materiali per ogni singolo computer. Tale materiale potr\u00e0 essere impiegato solo per uso personale, non commerciale e domestico. \u00c8 vietato l\u2019utilizzo di materiali provenienti dal Sito su qualsiasi altro sito o ambiente informatico.<\/p>\n<p>Le pagine del nostro Sito comprendono collegamenti ipertestuali ad altri siti esterni al nostro servizio. Sono compresi collegamenti ipertestuali di terze parti. Siete consapevoli che l\u2019attivazione di un collegamento ipertestuale che reindirizza all\u2019esterno del Sito, comporta la navigazione su un sito non controllato da noi, nell\u2019ambito del quale potrebbero essere applicati termini d\u2019uso e norme per la tutela della privacy differenti. Riconoscete che non siamo responsabili di tali siti. Ci riserviamo il diritto di disattivare i link al nostro Sito contenuti in siti di terze parti, pur non avendo alcun obbligo a riguardo.<\/p>\n<p>\u00c8 di vostra esclusiva responsabilit\u00e0 la riservatezza dei vostri nomi utente, delle vostre password nonch\u00e9 di tutte le attivit\u00e0 effettuate utilizzando tale account. Siete responsabili di tutti gli oneri in relazione a ogni eventuale richiesta di indennizzo derivante dalla violazione da parte vostra dei presenti termini d\u2019uso ovvero di ogni eventuale richiesta di indennizzo derivante dal vostro account.<\/p>\n<p>Sirecom Tappeti Italia srl si riserva il diritto, a sua esclusiva discrezione, di implementare, modificare o eliminare in qualsiasi momento, in via temporanea o definitiva, parti dei presenti termini d\u2019uso. In tal caso, sar\u00e0 nostra premura informarvi di tali cambiamenti. Nel caso in cui non approvaste i cambiamenti di natura permanente, avete facolt\u00e0 di cancellare la vostra iscrizione al Sito.<br \/>Vi ricordiamo che siete responsabili dell\u2019aggiornamento dei vostri dati personali al fine di fornirci un indirizzo di posta elettronica aggiornato in qualunque momento. Nel caso in cui l\u2019ultimo indirizzo di posta elettronica da voi fornitoci non sia valido o, per altre ragioni, non sia in grado di recapitarvi la comunicazione sopra descritta, l\u2019invio da parte nostra del messaggio di posta elettronica contenente tale comunicazione costituir\u00e0 comunque una comunicazione valida delle implementazioni, delle modifiche o delle eliminazioni descritte nella comunicazione medesima.<\/p>\n<p>I presenti termini d\u2019uso mantengono la loro efficacia sino al momento della loro risoluzione da parte vostra o nostra. Per risolvere le presenti condizioni in qualsiasi momento \u00e8 necessario rinunciare all\u2019utilizzo del Sito e provvedere alla distruzione di tutti i materiali scaricati dal Sito nonch\u00e9 di tutta la relativa documentazione, copie e installazioni del medesimo.<br \/>Possiamo risolvere immediatamente i termini d\u2019uso nei vostri confronti (compreso il vostro accesso al Sito) nel caso di azioni da parte vostra che si pongano in violazione di tali termini.\u00a0All\u2019atto della risoluzione dovrete astenervi dall\u2019utilizzo del Sito e procedere alla distruzione di tutti i materiali scaricati dal medesimo e di tutte le copie realizzate ai sensi dei presenti termini d\u2019uso o secondo modalit\u00e0 diverse.<\/p>\n<p>Resta inteso che il presente Accordo \u00e8 regolato dalle leggi in vigore nel territorio in cui risiedete e l\u2019esclusiva giurisdizione \u00e8 assegnata alle autorit\u00e0 giudiziarie competenti per tale territorio.<\/p>\n<p>La presente Informativa descrive le modalit\u00e0 di raccolta on-line, di protezione e di utilizzo dei dati dell\u2019utente.\u00a0Sirecom Tappeti Italia srl controlla tutti i dati personali immessi dall\u2019utente nel sito web\u00a0sirecomtappetiitalia.com.<\/p>\n<p>Sirecom Tappeti Italia srl raccoglie tutte le informazioni sensibili di natura personale nel corso della registrazione da parte dell\u2019utente sul sito web.<br \/>Questa Informativa sulla privacy spiega in che modo Sirecom Tappeti Italia srl raccolga, archivi e utilizzi le informazioni fornite dall\u2019utente in relazione alla raccolta e all\u2019utilizzo dei dati personali. Registrandosi sul sito web, l\u2019utente accetta le norme contenute nella presente Informativa.<\/p>\n<p>Le informazioni potranno essere utilizzate per attivit\u00e0 di marketing e per inviare newsletter e informative su eventi, prodotti e servizi proposti da Sirecom Tappeti Italia srl.<br \/>Effettuando la registrazione on line l\u2019utente avr\u00e0 la possibilit\u00e0 di ricevere informazioni di marketing. In caso di consenso dell\u2019utente, le informazioni fornite potranno essere utilizzate per pubblicizzare prodotti e servizi. La partecipazione dell\u2019utente alle attivit\u00e0 di marketing \u00e8 facoltativa e l\u2019utente potr\u00e0 modificare le proprie preferenze a riguardo o decidere in qualsiasi momento di non parteciparvi pi\u00f9.<\/p>\n<p>\u00a0<\/p>\n<p>Una volta effettuata la registrazione, Sirecom Tappeti Italia srl invier\u00e0 all\u2019utente un\u2019e-mail di conferma della registrazione. L\u2019utente pu\u00f2 richiedere in qualsiasi momento la modifica o l\u2019eliminazione dei propri dati personali da una o da tutte le mailing list. L\u2019utente ricever\u00e0 e-mail e messaggi di testo solo se avr\u00e0 fornito il suo esplicito consenso. Inoltre l\u2019utente potr\u00e0 annullare la propria iscrizione dalle comunicazioni e-mail utilizzando gli appositi link \u201cCancella iscrizione\u201d contenuti nelle e-mail stesse.<\/p>\n<p>L\u2019utente deve tener presente che, durante la navigazione sul sito sirecomtappetiitalia.com pu\u00f2 essere indirizzato a siti terzi in cui la raccolta dei dati personali avviene fuori del controllo di Sirecom Tappeti Italia.<\/p>\n<p>La presente Informativa potr\u00e0 subire variazioni nei termini e nelle condizioni. Sar\u00e0 cura di\u00a0Sirecom Tappeti Italia pubblicarne di volta in volta la versione aggiornata sul sito Web sirecomtappetiitalia.com. Se da parte della societ\u00e0 vi fosse l\u2019interesse a utilizzare i dati personali dell\u2019utente secondo modalit\u00e0 non compatibili con le informazioni contenute nella presente Informativa, la societ\u00e0 provveder\u00e0 a richiedere il consenso dell\u2019utente.<\/p><\/p>\n<\/div><\/div><\/div><\/div><\/div>","protected":false},"excerpt":{"rendered":"","protected":false},"author":1,"featured_media":0,"parent":0,"menu_order":0,"comment_status":"closed","ping_status":"open","template":"","meta":{"_acf_changed":false,"footnotes":""},"class_list":["post-3","page","type-page","status-publish","format-standard","hentry"],"acf":[],"_links":{"self":[{"href":"https:\/\/sirecomtappetiitalia.com\/fr\/wp-json\/wp\/v2\/pages\/3","targetHints":{"allow":["GET"]}}],"collection":[{"href":"https:\/\/sirecomtappetiitalia.com\/fr\/wp-json\/wp\/v2\/pages"}],"about":[{"href":"https:\/\/sirecomtappetiitalia.com\/fr\/wp-json\/wp\/v2\/types\/page"}],"author":[{"embeddable":true,"href":"https:\/\/sirecomtappetiitalia.com\/fr\/wp-json\/wp\/v2\/users\/1"}],"replies":[{"embeddable":true,"href":"https:\/\/sirecomtappetiitalia.com\/fr\/wp-json\/wp\/v2\/comments?post=3"}],"version-history":[{"count":3,"href":"https:\/\/sirecomtappetiitalia.com\/fr\/wp-json\/wp\/v2\/pages\/3\/revisions"}],"predecessor-version":[{"id":305,"href":"https:\/\/sirecomtappetiitalia.com\/fr\/wp-json\/wp\/v2\/pages\/3\/revisions\/305"}],"wp:attachment":[{"href":"https:\/\/sirecomtappetiitalia.com\/fr\/wp-json\/wp\/v2\/media?parent=3"}],"curies":[{"name":"wp","href":"https:\/\/api.w.org\/{rel}","templated":true}]}}