{"id":1210,"date":"2021-10-21T17:48:04","date_gmt":"2021-10-21T17:48:04","guid":{"rendered":"https:\/\/sirecomtappetiitalia.com\/?page_id=1210"},"modified":"2025-03-09T09:37:16","modified_gmt":"2025-03-09T09:37:16","slug":"collezione-palladium","status":"publish","type":"page","link":"https:\/\/sirecomtappetiitalia.com\/fr\/collezione-palladium\/","title":{"rendered":"Collezione &#8211; Palladium"},"content":{"rendered":"<p><div class=\"fusion-fullwidth fullwidth-box fusion-builder-row-1 fusion-flex-container nonhundred-percent-fullwidth non-hundred-percent-height-scrolling\" style=\"--awb-border-radius-top-left:0px;--awb-border-radius-top-right:0px;--awb-border-radius-bottom-right:0px;--awb-border-radius-bottom-left:0px;--awb-padding-top:55px;--awb-padding-right:7.5%;--awb-padding-bottom:90px;--awb-padding-left:7.5%;--awb-padding-right-small:30px;--awb-padding-bottom-small:45px;--awb-padding-left-small:30px;--awb-flex-wrap:wrap;\" ><div class=\"fusion-builder-row fusion-row fusion-flex-align-items-flex-start fusion-flex-content-wrap\" style=\"max-width:104%;margin-left: calc(-4% \/ 2 );margin-right: calc(-4% \/ 2 );\"><div class=\"fusion-layout-column fusion_builder_column fusion-builder-column-0 fusion_builder_column_1_2 1_2 fusion-flex-column\" style=\"--awb-bg-size:cover;--awb-width-large:50%;--awb-margin-top-large:0px;--awb-spacing-right-large:3.84%;--awb-margin-bottom-large:0px;--awb-spacing-left-large:3.84%;--awb-width-medium:50%;--awb-order-medium:0;--awb-spacing-right-medium:3.84%;--awb-spacing-left-medium:3.84%;--awb-width-small:100%;--awb-order-small:0;--awb-spacing-right-small:1.92%;--awb-spacing-left-small:1.92%;\"><div class=\"fusion-column-wrapper fusion-column-has-shadow fusion-flex-justify-content-flex-start fusion-content-layout-column\"><div class=\"fusion-image-element\" style=\"--awb-caption-title-font-family:var(--h2_typography-font-family);--awb-caption-title-font-weight:var(--h2_typography-font-weight);--awb-caption-title-font-style:var(--h2_typography-font-style);--awb-caption-title-size:var(--h2_typography-font-size);--awb-caption-title-transform:var(--h2_typography-text-transform);--awb-caption-title-line-height:var(--h2_typography-line-height);--awb-caption-title-letter-spacing:var(--h2_typography-letter-spacing);\"><span class=\"fusion-imageframe imageframe-none imageframe-1 hover-type-none\"><img decoding=\"async\" width=\"1125\" height=\"1500\" alt=\"Palladium Rugs Home\" title=\"Palladium Modern Design Rugs\" src=\"https:\/\/sirecomtappetiitalia.com\/wp-content\/uploads\/2021\/10\/Palladium.jpg\" class=\"img-responsive wp-image-1211\"\/><\/span><\/div><\/div><\/div><div class=\"fusion-layout-column fusion_builder_column fusion-builder-column-1 fusion_builder_column_1_2 1_2 fusion-flex-column fusion-flex-align-self-center\" style=\"--awb-padding-left:20%;--awb-padding-top-small:45px;--awb-padding-left-small:81px;--awb-bg-size:cover;--awb-width-large:50%;--awb-margin-top-large:0px;--awb-spacing-right-large:3.84%;--awb-margin-bottom-large:0px;--awb-spacing-left-large:3.84%;--awb-width-medium:50%;--awb-order-medium:0;--awb-spacing-right-medium:3.84%;--awb-spacing-left-medium:3.84%;--awb-width-small:100%;--awb-order-small:0;--awb-spacing-right-small:1.92%;--awb-spacing-left-small:1.92%;\"><div class=\"fusion-column-wrapper fusion-column-has-shadow fusion-flex-justify-content-flex-start fusion-content-layout-column\"><div class=\"fusion-image-element\" style=\"text-align:center;--awb-max-width:200px;--awb-caption-title-font-family:var(--h2_typography-font-family);--awb-caption-title-font-weight:var(--h2_typography-font-weight);--awb-caption-title-font-style:var(--h2_typography-font-style);--awb-caption-title-size:var(--h2_typography-font-size);--awb-caption-title-transform:var(--h2_typography-text-transform);--awb-caption-title-line-height:var(--h2_typography-line-height);--awb-caption-title-letter-spacing:var(--h2_typography-letter-spacing);\"><span class=\"fusion-imageframe imageframe-none imageframe-2 hover-type-none\"><img decoding=\"async\" width=\"1042\" height=\"1043\" alt=\"Palladium Rugs\" title=\"Palladium Modern Design Rugs\" src=\"https:\/\/sirecomtappetiitalia.com\/wp-content\/uploads\/2021\/10\/Palladium.png\" class=\"img-responsive wp-image-1212\"\/><\/span><\/div><\/div><\/div><\/div><\/div><div class=\"fusion-fullwidth fullwidth-box fusion-builder-row-2 fusion-flex-container nonhundred-percent-fullwidth non-hundred-percent-height-scrolling\" style=\"--awb-border-radius-top-left:0px;--awb-border-radius-top-right:0px;--awb-border-radius-bottom-right:0px;--awb-border-radius-bottom-left:0px;--awb-padding-right:7.5%;--awb-padding-bottom:120px;--awb-padding-left:7.5%;--awb-flex-wrap:wrap;\" ><div class=\"fusion-builder-row fusion-row fusion-flex-align-items-flex-start fusion-flex-content-wrap\" style=\"max-width:104%;margin-left: calc(-4% \/ 2 );margin-right: calc(-4% \/ 2 );\"><div class=\"fusion-layout-column fusion_builder_column fusion-builder-column-2 fusion_builder_column_1_2 1_2 fusion-flex-column\" style=\"--awb-padding-bottom-small:30px;--awb-bg-size:cover;--awb-width-large:50%;--awb-margin-top-large:0px;--awb-spacing-right-large:3.84%;--awb-margin-bottom-large:0px;--awb-spacing-left-large:3.84%;--awb-width-medium:50%;--awb-order-medium:0;--awb-spacing-right-medium:3.84%;--awb-spacing-left-medium:3.84%;--awb-width-small:100%;--awb-order-small:0;--awb-spacing-right-small:1.92%;--awb-spacing-left-small:1.92%;\"><div class=\"fusion-column-wrapper fusion-column-has-shadow fusion-flex-justify-content-flex-start fusion-content-layout-column\"><div class=\"fusion-text fusion-text-1 fusion-text-no-margin\" style=\"--awb-font-size:30px;--awb-line-height:35px;--awb-margin-bottom:0px;--awb-text-font-family:&quot;Bodoni&quot;;--awb-text-font-style:normal;--awb-text-font-weight:400;\"><p>L&#8217;intreccio di texture naturali sembra senza tempo nel Palladium<\/p>\n<\/div><\/div><\/div><div class=\"fusion-layout-column fusion_builder_column fusion-builder-column-3 fusion_builder_column_1_2 1_2 fusion-flex-column\" style=\"--awb-bg-size:cover;--awb-width-large:50%;--awb-margin-top-large:0px;--awb-spacing-right-large:3.84%;--awb-margin-bottom-large:0px;--awb-spacing-left-large:3.84%;--awb-width-medium:50%;--awb-order-medium:0;--awb-spacing-right-medium:3.84%;--awb-spacing-left-medium:3.84%;--awb-width-small:100%;--awb-order-small:0;--awb-spacing-right-small:1.92%;--awb-spacing-left-small:1.92%;\"><div class=\"fusion-column-wrapper fusion-column-has-shadow fusion-flex-justify-content-flex-start fusion-content-layout-column\"><div class=\"fusion-text fusion-text-2 langita\"><p>Ispirata a prati, boschi e terra, questa collezione \u00e8 sinonimo di attitudine e semplicit\u00e0. Le trame geometriche del Palladium, l&#8217;uso di pochi colori e disegni intercambiabili consentono possibilit\u00e0 quasi infinite di combinazioni. Risonanza di motivi distanti e tratti lontani, i tappeti Palladium sono tessuti a mano in Bamboo e completati con frange.<\/p>\n<\/div><div class=\"fusion-text fusion-text-3 langeng\"><p>Inspired by meadows, woods and earth, this collection is synonymous with attitude and simplicity. The geometric textures of Palladium, the use of few colors and interchangeable designs allow for almost infinite possibilities of combinations. Resonance of distant motifs and distant traits, Palladium rugs are hand-woven in Bamboo and completed with fringes.<\/p>\n<\/div><\/div><\/div><\/div><\/div><div class=\"fusion-fullwidth fullwidth-box fusion-builder-row-3 fusion-flex-container nonhundred-percent-fullwidth non-hundred-percent-height-scrolling\" style=\"--awb-border-radius-top-left:0px;--awb-border-radius-top-right:0px;--awb-border-radius-bottom-right:0px;--awb-border-radius-bottom-left:0px;--awb-padding-right:7.5%;--awb-padding-left:7.5%;--awb-flex-wrap:wrap;\" ><div class=\"fusion-builder-row fusion-row fusion-flex-align-items-flex-start fusion-flex-content-wrap\" style=\"max-width:104%;margin-left: calc(-4% \/ 2 );margin-right: calc(-4% \/ 2 );\"><div class=\"fusion-layout-column fusion_builder_column fusion-builder-column-4 fusion_builder_column_1_1 1_1 fusion-flex-column\" style=\"--awb-bg-size:cover;--awb-width-large:100%;--awb-margin-top-large:0px;--awb-spacing-right-large:1.92%;--awb-margin-bottom-large:0px;--awb-spacing-left-large:1.92%;--awb-width-medium:100%;--awb-order-medium:0;--awb-spacing-right-medium:1.92%;--awb-spacing-left-medium:1.92%;--awb-width-small:100%;--awb-order-small:0;--awb-spacing-right-small:1.92%;--awb-spacing-left-small:1.92%;\"><div class=\"fusion-column-wrapper fusion-column-has-shadow fusion-flex-justify-content-flex-start fusion-content-layout-column\"><!-- Gridbuilder \u1d42\u1d3e Plugin (https:\/\/wpgridbuilder.com) -->\n<div class=\"wp-grid-builder wpgb-grid-13 PALLADIUM\" data-options=\"{&quot;id&quot;:13,&quot;type&quot;:&quot;masonry&quot;,&quot;source&quot;:&quot;post_type&quot;,&quot;loader&quot;:0,&quot;layout&quot;:&quot;horizontal&quot;,&quot;reveal&quot;:0,&quot;isMainQuery&quot;:0,&quot;lazyLoad&quot;:0,&quot;cardSizes&quot;:{&quot;9999&quot;:{&quot;columns&quot;:6,&quot;height&quot;:240,&quot;gutter&quot;:0,&quot;ratio&quot;:&quot;1.33333&quot;},&quot;1200&quot;:{&quot;columns&quot;:4,&quot;height&quot;:240,&quot;gutter&quot;:0,&quot;ratio&quot;:&quot;1.33333&quot;},&quot;992&quot;:{&quot;columns&quot;:4,&quot;height&quot;:220,&quot;gutter&quot;:0,&quot;ratio&quot;:&quot;1.33333&quot;},&quot;768&quot;:{&quot;columns&quot;:3,&quot;height&quot;:220,&quot;gutter&quot;:0,&quot;ratio&quot;:&quot;1.33333&quot;},&quot;576&quot;:{&quot;columns&quot;:2,&quot;height&quot;:200,&quot;gutter&quot;:0,&quot;ratio&quot;:&quot;1.33333&quot;},&quot;320&quot;:{&quot;columns&quot;:2,&quot;height&quot;:200,&quot;gutter&quot;:0,&quot;ratio&quot;:&quot;1.33333&quot;}},&quot;fitRows&quot;:0,&quot;equalRows&quot;:0,&quot;equalColumns&quot;:1,&quot;fillLastRow&quot;:0,&quot;centerLastRow&quot;:0,&quot;horizontalOrder&quot;:1,&quot;fullWidth&quot;:0,&quot;transitionDelay&quot;:100,&quot;gallerySlideshow&quot;:0,&quot;rowsNumber&quot;:1,&quot;slideAlign&quot;:&quot;left&quot;,&quot;groupCells&quot;:1,&quot;draggable&quot;:1,&quot;initialIndex&quot;:0,&quot;contain&quot;:1,&quot;freeScroll&quot;:1,&quot;freeFriction&quot;:&quot;0.075&quot;,&quot;friction&quot;:&quot;0.285&quot;,&quot;attraction&quot;:&quot;0.025&quot;,&quot;autoPlay&quot;:0,&quot;pageDotAriaLabel&quot;:&quot;Point de page %d&quot;,&quot;isPreview&quot;:false,&quot;isGutenberg&quot;:false,&quot;rightToLeft&quot;:false}\"><div class=\"wpgb-svg-icons\" hidden>\n\t<svg viewbox=\"0 0 120 24\" width=\"0\" height=\"0\">\n\t<defs>\n        <polygon id=\"wpgb-star-svg\" points=\"12 2.5 15.1 8.8 22 9.8 17 14.6 18.2 21.5 12 18.3 5.8 21.5 7 14.6 2 9.8 8.9 8.8\"><\/polygon>\n    <\/defs>\n    <symbol id=\"wpgb-rating-stars-svg\">\n        <use xlink:href=\"#wpgb-star-svg\"><\/use>\n        <use xlink:href=\"#wpgb-star-svg\" x=\"24\"><\/use>\n        <use xlink:href=\"#wpgb-star-svg\" x=\"48\"><\/use>\n        <use xlink:href=\"#wpgb-star-svg\" x=\"72\"><\/use>\n        <use xlink:href=\"#wpgb-star-svg\" x=\"96\"><\/use>\n    <\/symbol>\n<\/svg>\n<\/div>\n<div class=\"wpgb-wrapper\">\n\t<div class=\"wpgb-main\">\n\t<div class=\"wpgb-layout\">\n\t<div class=\"wpgb-viewport\">\n\t\t<div class=\"wpgb-masonry\">\n\t\t\t<article class=\"wpgb-card wpgb-card-23 wpgb-post-728\" data-col=\"1\" data-row=\"1\" data-format=\"standard\" data-fluid><div class=\"wpgb-card-wrapper\"><div class=\"wpgb-card-inner\" data-action><div class=\"wpgb-card-media wpgb-scheme-light\"><svg data-ratio style=\"padding-top:150%\" viewbox=\"0 0 768 1152\"><\/svg><div class=\"wpgb-card-media-thumbnail\"><a href=\"https:\/\/sirecomtappetiitalia.com\/wp-content\/uploads\/2021\/09\/img_1-190.jpg\" tabindex=\"-1\" class=\"wpgb-handle-lb wpgb-lightbox\" data-type=\"image\" data-rel=\"13\" data-title=\"Palladium Modern Design Rugs\" title=\"Agrandir la photo\"><div style=\"background-image:url(https:\/\/sirecomtappetiitalia.com\/wp-content\/uploads\/2021\/09\/img_1-190.jpg)\"><\/div><noscript><img decoding=\"async\" class=\"wpgb-noscript-img\" src=\"https:\/\/sirecomtappetiitalia.com\/wp-content\/uploads\/2021\/09\/img_1-190.jpg\" alt=\"Palladium Semeli Sand Sirecom Rug Texture\" height=\"1152\" width=\"768\"><\/noscript><\/a><\/div><\/div><a class=\"wpgb-card-layer-link\" href=\"https:\/\/sirecomtappetiitalia.com\/fr\/product\/palladium-semeli-sand\/\"><\/a><\/div><\/div><\/article><article class=\"wpgb-card wpgb-card-23 wpgb-post-720\" data-col=\"1\" data-row=\"1\" data-format=\"standard\" data-fluid><div class=\"wpgb-card-wrapper\"><div class=\"wpgb-card-inner\" data-action><div class=\"wpgb-card-media wpgb-scheme-light\"><svg data-ratio style=\"padding-top:150%\" viewbox=\"0 0 768 1152\"><\/svg><div class=\"wpgb-card-media-thumbnail\"><a href=\"https:\/\/sirecomtappetiitalia.com\/wp-content\/uploads\/2021\/09\/img_1-186.jpg\" tabindex=\"-1\" class=\"wpgb-handle-lb wpgb-lightbox\" data-type=\"image\" data-rel=\"13\" data-title=\"Palladium Modern Design Rugs\" title=\"Agrandir la photo\"><div style=\"background-image:url(https:\/\/sirecomtappetiitalia.com\/wp-content\/uploads\/2021\/09\/img_1-186.jpg)\"><\/div><noscript><img decoding=\"async\" class=\"wpgb-noscript-img\" src=\"https:\/\/sirecomtappetiitalia.com\/wp-content\/uploads\/2021\/09\/img_1-186.jpg\" alt=\"Palladium Clio Sand Sirecom Rug Texture\" height=\"1152\" width=\"768\"><\/noscript><\/a><\/div><\/div><a class=\"wpgb-card-layer-link\" href=\"https:\/\/sirecomtappetiitalia.com\/fr\/product\/palladium-clio-sand\/\"><\/a><\/div><\/div><\/article><article class=\"wpgb-card wpgb-card-23 wpgb-post-730\" data-col=\"1\" data-row=\"1\" data-format=\"standard\" data-fluid><div class=\"wpgb-card-wrapper\"><div class=\"wpgb-card-inner\" data-action><div class=\"wpgb-card-media wpgb-scheme-light\"><svg data-ratio style=\"padding-top:150%\" viewbox=\"0 0 768 1152\"><\/svg><div class=\"wpgb-card-media-thumbnail\"><a href=\"https:\/\/sirecomtappetiitalia.com\/wp-content\/uploads\/2021\/09\/img_1-191.jpg\" tabindex=\"-1\" class=\"wpgb-handle-lb wpgb-lightbox\" data-type=\"image\" data-rel=\"13\" data-title=\"Palladium Modern Design Rugs\" title=\"Agrandir la photo\"><div style=\"background-image:url(https:\/\/sirecomtappetiitalia.com\/wp-content\/uploads\/2021\/09\/img_1-191.jpg)\"><\/div><noscript><img decoding=\"async\" class=\"wpgb-noscript-img\" src=\"https:\/\/sirecomtappetiitalia.com\/wp-content\/uploads\/2021\/09\/img_1-191.jpg\" alt=\"Palladium Thalia Atlantic Sirecom Rug Texture\" height=\"1152\" width=\"768\"><\/noscript><\/a><\/div><\/div><a class=\"wpgb-card-layer-link\" href=\"https:\/\/sirecomtappetiitalia.com\/fr\/product\/palladium-thalia-atlantic\/\"><\/a><\/div><\/div><\/article><article class=\"wpgb-card wpgb-card-23 wpgb-post-726\" data-col=\"1\" data-row=\"1\" data-format=\"standard\" data-fluid><div class=\"wpgb-card-wrapper\"><div class=\"wpgb-card-inner\" data-action><div class=\"wpgb-card-media wpgb-scheme-light\"><svg data-ratio style=\"padding-top:150%\" viewbox=\"0 0 768 1152\"><\/svg><div class=\"wpgb-card-media-thumbnail\"><a href=\"https:\/\/sirecomtappetiitalia.com\/wp-content\/uploads\/2021\/09\/img_1-189.jpg\" tabindex=\"-1\" class=\"wpgb-handle-lb wpgb-lightbox\" data-type=\"image\" data-rel=\"13\" data-title=\"Palladium Modern Design Rugs\" title=\"Agrandir la photo\"><div style=\"background-image:url(https:\/\/sirecomtappetiitalia.com\/wp-content\/uploads\/2021\/09\/img_1-189.jpg)\"><\/div><noscript><img decoding=\"async\" class=\"wpgb-noscript-img\" src=\"https:\/\/sirecomtappetiitalia.com\/wp-content\/uploads\/2021\/09\/img_1-189.jpg\" alt=\"Palladium Semeli Rose Sirecom Rug Texture\" height=\"1152\" width=\"768\"><\/noscript><\/a><\/div><\/div><a class=\"wpgb-card-layer-link\" href=\"https:\/\/sirecomtappetiitalia.com\/fr\/product\/palladium-semeli-rose\/\"><\/a><\/div><\/div><\/article><article class=\"wpgb-card wpgb-card-23 wpgb-post-732\" data-col=\"1\" data-row=\"1\" data-format=\"standard\" data-fluid><div class=\"wpgb-card-wrapper\"><div class=\"wpgb-card-inner\" data-action><div class=\"wpgb-card-media wpgb-scheme-light\"><svg data-ratio style=\"padding-top:150%\" viewbox=\"0 0 768 1152\"><\/svg><div class=\"wpgb-card-media-thumbnail\"><a href=\"https:\/\/sirecomtappetiitalia.com\/wp-content\/uploads\/2021\/09\/img_1-192.jpg\" tabindex=\"-1\" class=\"wpgb-handle-lb wpgb-lightbox\" data-type=\"image\" data-rel=\"13\" data-title=\"Palladium Modern Design Rugs\" title=\"Agrandir la photo\"><div style=\"background-image:url(https:\/\/sirecomtappetiitalia.com\/wp-content\/uploads\/2021\/09\/img_1-192.jpg)\"><\/div><noscript><img decoding=\"async\" class=\"wpgb-noscript-img\" src=\"https:\/\/sirecomtappetiitalia.com\/wp-content\/uploads\/2021\/09\/img_1-192.jpg\" alt=\"Palladium Thalia Sand Sirecom Rug Texture\" height=\"1152\" width=\"768\"><\/noscript><\/a><\/div><\/div><a class=\"wpgb-card-layer-link\" href=\"https:\/\/sirecomtappetiitalia.com\/fr\/product\/palladium-thalia-sand\/\"><\/a><\/div><\/div><\/article><article class=\"wpgb-card wpgb-card-23 wpgb-post-722\" data-col=\"1\" data-row=\"1\" data-format=\"standard\" data-fluid><div class=\"wpgb-card-wrapper\"><div class=\"wpgb-card-inner\" data-action><div class=\"wpgb-card-media wpgb-scheme-light\"><svg data-ratio style=\"padding-top:150%\" viewbox=\"0 0 768 1152\"><\/svg><div class=\"wpgb-card-media-thumbnail\"><a href=\"https:\/\/sirecomtappetiitalia.com\/wp-content\/uploads\/2021\/09\/img_1-187.jpg\" tabindex=\"-1\" class=\"wpgb-handle-lb wpgb-lightbox\" data-type=\"image\" data-rel=\"13\" data-title=\"Palladium Modern Design Rugs\" title=\"Agrandir la photo\"><div style=\"background-image:url(https:\/\/sirecomtappetiitalia.com\/wp-content\/uploads\/2021\/09\/img_1-187.jpg)\"><\/div><noscript><img decoding=\"async\" class=\"wpgb-noscript-img\" src=\"https:\/\/sirecomtappetiitalia.com\/wp-content\/uploads\/2021\/09\/img_1-187.jpg\" alt=\"Palladium Philia Sand Sirecom Rug Texture\" height=\"1152\" width=\"768\"><\/noscript><\/a><\/div><\/div><a class=\"wpgb-card-layer-link\" href=\"https:\/\/sirecomtappetiitalia.com\/fr\/product\/palladium-philia-sand\/\"><\/a><\/div><\/div><\/article><article class=\"wpgb-card wpgb-card-23 wpgb-post-724\" data-col=\"1\" data-row=\"1\" data-format=\"standard\" data-fluid><div class=\"wpgb-card-wrapper\"><div class=\"wpgb-card-inner\" data-action><div class=\"wpgb-card-media wpgb-scheme-light\"><svg data-ratio style=\"padding-top:150%\" viewbox=\"0 0 768 1152\"><\/svg><div class=\"wpgb-card-media-thumbnail\"><a href=\"https:\/\/sirecomtappetiitalia.com\/wp-content\/uploads\/2021\/09\/img_1-188.jpg\" tabindex=\"-1\" class=\"wpgb-handle-lb wpgb-lightbox\" data-type=\"image\" data-rel=\"13\" data-title=\"Palladium Modern Design Rugs\" title=\"Agrandir la photo\"><div style=\"background-image:url(https:\/\/sirecomtappetiitalia.com\/wp-content\/uploads\/2021\/09\/img_1-188.jpg)\"><\/div><noscript><img decoding=\"async\" class=\"wpgb-noscript-img\" src=\"https:\/\/sirecomtappetiitalia.com\/wp-content\/uploads\/2021\/09\/img_1-188.jpg\" alt=\"Palladium Philia Wood Sirecom Rug Texture\" height=\"1152\" width=\"768\"><\/noscript><\/a><\/div><\/div><a class=\"wpgb-card-layer-link\" href=\"https:\/\/sirecomtappetiitalia.com\/fr\/product\/palladium-philia-wood\/\"><\/a><\/div><\/div><\/article>\t\t<\/div>\n\t<\/div>\n\t<\/div>\n<div class=\"wpgb-area wpgb-area-bottom-1\">\n\t<button type=\"button\" class=\"wpgb-prev-button\" aria-label=\"Diapositive pr\u00e9c\u00e9dente\" hidden>\n\t<svg><use xlink:href=\"https:\/\/sirecomtappetiitalia.com\/wp-content\/plugins\/wp-grid-builder\/public\/svg\/arrows\/arrow-left.svg#wpgb-icon\"\/><\/svg><\/button>\n<button type=\"button\" class=\"wpgb-next-button\" aria-label=\"Diapositive suivante\" hidden>\n\t<svg><use xlink:href=\"https:\/\/sirecomtappetiitalia.com\/wp-content\/plugins\/wp-grid-builder\/public\/svg\/arrows\/arrow-right.svg#wpgb-icon\"\/><\/svg><\/button>\n<\/div>\n\t<\/div>\n\t\t<\/div>\n<\/div>\n<\/div><\/div><\/div><\/div><div class=\"fusion-fullwidth fullwidth-box fusion-builder-row-4 fusion-flex-container nonhundred-percent-fullwidth non-hundred-percent-height-scrolling\" style=\"--awb-border-radius-top-left:0px;--awb-border-radius-top-right:0px;--awb-border-radius-bottom-right:0px;--awb-border-radius-bottom-left:0px;--awb-padding-right:7.5%;--awb-padding-bottom:80px;--awb-padding-left:7.5%;--awb-flex-wrap:wrap;\" ><div class=\"fusion-builder-row fusion-row fusion-flex-align-items-flex-start fusion-flex-justify-content-flex-end fusion-flex-content-wrap\" style=\"max-width:104%;margin-left: calc(-4% \/ 2 );margin-right: calc(-4% \/ 2 );\"><div class=\"fusion-layout-column fusion_builder_column fusion-builder-column-5 fusion_builder_column_1_3 1_3 fusion-flex-column\" style=\"--awb-bg-size:cover;--awb-width-large:33.333333333333%;--awb-margin-top-large:0px;--awb-spacing-right-large:5.76%;--awb-margin-bottom-large:0px;--awb-spacing-left-large:5.76%;--awb-width-medium:33.333333333333%;--awb-order-medium:0;--awb-spacing-right-medium:5.76%;--awb-spacing-left-medium:5.76%;--awb-width-small:100%;--awb-order-small:0;--awb-spacing-right-small:1.92%;--awb-spacing-left-small:1.92%;\"><div class=\"fusion-column-wrapper fusion-column-has-shadow fusion-flex-justify-content-flex-start fusion-content-layout-column\"><div class=\"fusion-text fusion-text-4\" style=\"--awb-content-alignment:right;--awb-font-size:27px;--awb-line-height:220px;--awb-text-transform:none;--awb-text-font-family:&quot;Bodoni&quot;;--awb-text-font-style:normal;--awb-text-font-weight:400;\"><p><a href=\"https:\/\/sirecomtappetiitalia.com\/fr\/collezioni-generali\/\">Torna alle Collezioni<\/a><\/p>\n<\/div><\/div><\/div><\/div><\/div><\/p>","protected":false},"excerpt":{"rendered":"","protected":false},"author":2,"featured_media":0,"parent":0,"menu_order":0,"comment_status":"closed","ping_status":"closed","template":"","meta":{"_acf_changed":false,"footnotes":""},"class_list":["post-1210","page","type-page","status-publish","format-standard","hentry"],"acf":[],"_links":{"self":[{"href":"https:\/\/sirecomtappetiitalia.com\/fr\/wp-json\/wp\/v2\/pages\/1210","targetHints":{"allow":["GET"]}}],"collection":[{"href":"https:\/\/sirecomtappetiitalia.com\/fr\/wp-json\/wp\/v2\/pages"}],"about":[{"href":"https:\/\/sirecomtappetiitalia.com\/fr\/wp-json\/wp\/v2\/types\/page"}],"author":[{"embeddable":true,"href":"https:\/\/sirecomtappetiitalia.com\/fr\/wp-json\/wp\/v2\/users\/2"}],"replies":[{"embeddable":true,"href":"https:\/\/sirecomtappetiitalia.com\/fr\/wp-json\/wp\/v2\/comments?post=1210"}],"version-history":[{"count":9,"href":"https:\/\/sirecomtappetiitalia.com\/fr\/wp-json\/wp\/v2\/pages\/1210\/revisions"}],"predecessor-version":[{"id":3603,"href":"https:\/\/sirecomtappetiitalia.com\/fr\/wp-json\/wp\/v2\/pages\/1210\/revisions\/3603"}],"wp:attachment":[{"href":"https:\/\/sirecomtappetiitalia.com\/fr\/wp-json\/wp\/v2\/media?parent=1210"}],"curies":[{"name":"wp","href":"https:\/\/api.w.org\/{rel}","templated":true}]}}