{"id":3345,"date":"2024-04-15T16:39:53","date_gmt":"2024-04-15T16:39:53","guid":{"rendered":"https:\/\/sirecomtappetiitalia.com\/?page_id=3345"},"modified":"2025-03-09T09:46:52","modified_gmt":"2025-03-09T09:46:52","slug":"collezione-sintesi","status":"publish","type":"page","link":"https:\/\/sirecomtappetiitalia.com\/en\/collezione-sintesi\/","title":{"rendered":"Collezione &#8211; Sintesi"},"content":{"rendered":"<p><div class=\"fusion-fullwidth fullwidth-box fusion-builder-row-1 fusion-flex-container nonhundred-percent-fullwidth non-hundred-percent-height-scrolling\" style=\"--awb-border-radius-top-left:0px;--awb-border-radius-top-right:0px;--awb-border-radius-bottom-right:0px;--awb-border-radius-bottom-left:0px;--awb-padding-top:55px;--awb-padding-right:7.5%;--awb-padding-bottom:90px;--awb-padding-left:7.5%;--awb-padding-right-small:30px;--awb-padding-bottom-small:45px;--awb-padding-left-small:30px;--awb-flex-wrap:wrap;\" ><div class=\"fusion-builder-row fusion-row fusion-flex-align-items-flex-start fusion-flex-content-wrap\" style=\"max-width:104%;margin-left: calc(-4% \/ 2 );margin-right: calc(-4% \/ 2 );\"><div class=\"fusion-layout-column fusion_builder_column fusion-builder-column-0 fusion_builder_column_1_2 1_2 fusion-flex-column\" style=\"--awb-bg-size:cover;--awb-width-large:50%;--awb-margin-top-large:0px;--awb-spacing-right-large:3.84%;--awb-margin-bottom-large:0px;--awb-spacing-left-large:3.84%;--awb-width-medium:50%;--awb-order-medium:0;--awb-spacing-right-medium:3.84%;--awb-spacing-left-medium:3.84%;--awb-width-small:100%;--awb-order-small:0;--awb-spacing-right-small:1.92%;--awb-spacing-left-small:1.92%;\"><div class=\"fusion-column-wrapper fusion-column-has-shadow fusion-flex-justify-content-flex-start fusion-content-layout-column\"><div class=\"fusion-image-element\" style=\"--awb-caption-title-font-family:var(--h2_typography-font-family);--awb-caption-title-font-weight:var(--h2_typography-font-weight);--awb-caption-title-font-style:var(--h2_typography-font-style);--awb-caption-title-size:var(--h2_typography-font-size);--awb-caption-title-transform:var(--h2_typography-text-transform);--awb-caption-title-line-height:var(--h2_typography-line-height);--awb-caption-title-letter-spacing:var(--h2_typography-letter-spacing);\"><span class=\"fusion-imageframe imageframe-none imageframe-1 hover-type-none\"><img decoding=\"async\" width=\"1125\" height=\"1500\" title=\"Sintesi-collezione\" src=\"https:\/\/sirecomtappetiitalia.com\/wp-content\/uploads\/2024\/04\/Sintesi-collezione.jpg\" alt class=\"img-responsive wp-image-3359\"\/><\/span><\/div><\/div><\/div><div class=\"fusion-layout-column fusion_builder_column fusion-builder-column-1 fusion_builder_column_1_2 1_2 fusion-flex-column fusion-flex-align-self-center\" style=\"--awb-padding-left:20%;--awb-padding-top-small:45px;--awb-padding-left-small:0px;--awb-bg-size:cover;--awb-width-large:50%;--awb-margin-top-large:0px;--awb-spacing-right-large:3.84%;--awb-margin-bottom-large:0px;--awb-spacing-left-large:3.84%;--awb-width-medium:50%;--awb-order-medium:0;--awb-spacing-right-medium:3.84%;--awb-spacing-left-medium:3.84%;--awb-width-small:100%;--awb-order-small:0;--awb-spacing-right-small:1.92%;--awb-spacing-left-small:1.92%;\"><div class=\"fusion-column-wrapper fusion-column-has-shadow fusion-flex-justify-content-flex-start fusion-content-layout-column\"><div class=\"fusion-image-element\" style=\"text-align:center;--awb-max-width:200px;--awb-caption-title-font-family:var(--h2_typography-font-family);--awb-caption-title-font-weight:var(--h2_typography-font-weight);--awb-caption-title-font-style:var(--h2_typography-font-style);--awb-caption-title-size:var(--h2_typography-font-size);--awb-caption-title-transform:var(--h2_typography-text-transform);--awb-caption-title-line-height:var(--h2_typography-line-height);--awb-caption-title-letter-spacing:var(--h2_typography-letter-spacing);\"><span class=\"fusion-imageframe imageframe-none imageframe-2 hover-type-none\"><img decoding=\"async\" width=\"1000\" height=\"1000\" title=\"Sintesi-sigla\" src=\"https:\/\/sirecomtappetiitalia.com\/wp-content\/uploads\/2024\/04\/Sintesi-sigla.webp\" alt class=\"img-responsive wp-image-3360\" srcset=\"https:\/\/sirecomtappetiitalia.com\/wp-content\/uploads\/2024\/04\/Sintesi-sigla-12x12.webp 12w, https:\/\/sirecomtappetiitalia.com\/wp-content\/uploads\/2024\/04\/Sintesi-sigla-66x66.webp 66w, https:\/\/sirecomtappetiitalia.com\/wp-content\/uploads\/2024\/04\/Sintesi-sigla-150x150.webp 150w, https:\/\/sirecomtappetiitalia.com\/wp-content\/uploads\/2024\/04\/Sintesi-sigla-200x200.webp 200w, https:\/\/sirecomtappetiitalia.com\/wp-content\/uploads\/2024\/04\/Sintesi-sigla-300x300.webp 300w, https:\/\/sirecomtappetiitalia.com\/wp-content\/uploads\/2024\/04\/Sintesi-sigla-400x400.webp 400w, https:\/\/sirecomtappetiitalia.com\/wp-content\/uploads\/2024\/04\/Sintesi-sigla-500x500.webp 500w, https:\/\/sirecomtappetiitalia.com\/wp-content\/uploads\/2024\/04\/Sintesi-sigla-600x600.webp 600w, https:\/\/sirecomtappetiitalia.com\/wp-content\/uploads\/2024\/04\/Sintesi-sigla-700x700.webp 700w, https:\/\/sirecomtappetiitalia.com\/wp-content\/uploads\/2024\/04\/Sintesi-sigla-768x768.webp 768w, https:\/\/sirecomtappetiitalia.com\/wp-content\/uploads\/2024\/04\/Sintesi-sigla-800x800.webp 800w, https:\/\/sirecomtappetiitalia.com\/wp-content\/uploads\/2024\/04\/Sintesi-sigla.webp 1000w\" sizes=\"(max-width: 640px) 100vw, 800px\" \/><\/span><\/div><\/div><\/div><\/div><\/div><div class=\"fusion-fullwidth fullwidth-box fusion-builder-row-2 fusion-flex-container nonhundred-percent-fullwidth non-hundred-percent-height-scrolling\" style=\"--awb-border-radius-top-left:0px;--awb-border-radius-top-right:0px;--awb-border-radius-bottom-right:0px;--awb-border-radius-bottom-left:0px;--awb-padding-right:7.5%;--awb-padding-bottom:120px;--awb-padding-left:7.5%;--awb-flex-wrap:wrap;\" ><div class=\"fusion-builder-row fusion-row fusion-flex-align-items-flex-start fusion-flex-content-wrap\" style=\"max-width:104%;margin-left: calc(-4% \/ 2 );margin-right: calc(-4% \/ 2 );\"><div class=\"fusion-layout-column fusion_builder_column fusion-builder-column-2 fusion_builder_column_1_2 1_2 fusion-flex-column\" style=\"--awb-padding-bottom-small:30px;--awb-bg-size:cover;--awb-width-large:50%;--awb-margin-top-large:0px;--awb-spacing-right-large:3.84%;--awb-margin-bottom-large:0px;--awb-spacing-left-large:3.84%;--awb-width-medium:50%;--awb-order-medium:0;--awb-spacing-right-medium:3.84%;--awb-spacing-left-medium:3.84%;--awb-width-small:100%;--awb-order-small:0;--awb-spacing-right-small:1.92%;--awb-spacing-left-small:1.92%;\"><div class=\"fusion-column-wrapper fusion-column-has-shadow fusion-flex-justify-content-flex-start fusion-content-layout-column\"><div class=\"fusion-text fusion-text-1 fusion-text-no-margin\" style=\"--awb-margin-bottom:0px;\"><p><span style=\"font-size: 30px; line-height: 40px; font-family: Bodoni;\" data-fusion-font=\"true\">Blocks and volumes infused with luminous lines in a new synthesis<\/span><\/p>\n<\/div><\/div><\/div><div class=\"fusion-layout-column fusion_builder_column fusion-builder-column-3 fusion_builder_column_1_2 1_2 fusion-flex-column\" style=\"--awb-bg-size:cover;--awb-width-large:50%;--awb-margin-top-large:0px;--awb-spacing-right-large:3.84%;--awb-margin-bottom-large:0px;--awb-spacing-left-large:3.84%;--awb-width-medium:50%;--awb-order-medium:0;--awb-spacing-right-medium:3.84%;--awb-spacing-left-medium:3.84%;--awb-width-small:100%;--awb-order-small:0;--awb-spacing-right-small:1.92%;--awb-spacing-left-small:1.92%;\"><div class=\"fusion-column-wrapper fusion-column-has-shadow fusion-flex-justify-content-flex-start fusion-content-layout-column\"><div class=\"fusion-text fusion-text-2 langita\"><p>L&#8217;ispirazione alla base della collezione \u201cSintesi\u201d deriva dalla reinterpretazione di geometrie basilari come cubi, rettangoli e lastre, dalla chiara memoria architettonica, per caratterizzare l\u2019ambiente con una continuit\u00e0 modulare funzionale. La disposizione ripetitiva di questi blocchi accentua la semplicit\u00e0 e l&#8217;uniformit\u00e0 delle forme, infondendo al contempo un senso di ritmo e progressione spaziale. I volumi principali realizzati in lana neozelandese sono intersecati da delicati corridoi luminosi ottenuti attraverso l&#8217;uso della seta di bamb\u00f9 e un preciso intaglio a varie altezze.<\/p>\n<\/div><div class=\"fusion-text fusion-text-3 langeng\"><p>The inspiration behind the \u201cSintesi\u201d collection comes from the reinterpretation of basic geometries such as cubes, rectangles and slabs, with a clear architectural memory, to characterize the environment with a functional modular continuity. The repetitive arrangement of these blocks accentuates the simplicity and uniformity of the shapes, while infusing a sense of rhythm and spatial progression. The main volumes made of New Zealand wool are intersected by delicate luminous corridors obtained through the use of bamboo silk and precise carving at various heights.<\/p>\n<\/div><\/div><\/div><\/div><\/div><div class=\"fusion-fullwidth fullwidth-box fusion-builder-row-3 fusion-flex-container nonhundred-percent-fullwidth non-hundred-percent-height-scrolling\" style=\"--awb-border-radius-top-left:0px;--awb-border-radius-top-right:0px;--awb-border-radius-bottom-right:0px;--awb-border-radius-bottom-left:0px;--awb-padding-right:7.5%;--awb-padding-left:7.5%;--awb-flex-wrap:wrap;\" ><div class=\"fusion-builder-row fusion-row fusion-flex-align-items-flex-start fusion-flex-content-wrap\" style=\"max-width:104%;margin-left: calc(-4% \/ 2 );margin-right: calc(-4% \/ 2 );\"><div class=\"fusion-layout-column fusion_builder_column fusion-builder-column-4 fusion_builder_column_1_1 1_1 fusion-flex-column\" style=\"--awb-bg-size:cover;--awb-width-large:100%;--awb-margin-top-large:0px;--awb-spacing-right-large:1.92%;--awb-margin-bottom-large:0px;--awb-spacing-left-large:1.92%;--awb-width-medium:100%;--awb-order-medium:0;--awb-spacing-right-medium:1.92%;--awb-spacing-left-medium:1.92%;--awb-width-small:100%;--awb-order-small:0;--awb-spacing-right-small:1.92%;--awb-spacing-left-small:1.92%;\"><div class=\"fusion-column-wrapper fusion-column-has-shadow fusion-flex-justify-content-flex-start fusion-content-layout-column\"><!-- Gridbuilder \u1d42\u1d3e Plugin (https:\/\/wpgridbuilder.com) -->\n<div class=\"wp-grid-builder wpgb-grid-35 sintesi\" data-options=\"{&quot;id&quot;:35,&quot;type&quot;:&quot;masonry&quot;,&quot;source&quot;:&quot;post_type&quot;,&quot;loader&quot;:0,&quot;layout&quot;:&quot;horizontal&quot;,&quot;reveal&quot;:0,&quot;isMainQuery&quot;:0,&quot;lazyLoad&quot;:0,&quot;cardSizes&quot;:{&quot;9999&quot;:{&quot;columns&quot;:6,&quot;height&quot;:240,&quot;gutter&quot;:0,&quot;ratio&quot;:&quot;1.33333&quot;},&quot;1200&quot;:{&quot;columns&quot;:4,&quot;height&quot;:240,&quot;gutter&quot;:0,&quot;ratio&quot;:&quot;1.33333&quot;},&quot;992&quot;:{&quot;columns&quot;:4,&quot;height&quot;:220,&quot;gutter&quot;:0,&quot;ratio&quot;:&quot;1.33333&quot;},&quot;768&quot;:{&quot;columns&quot;:3,&quot;height&quot;:220,&quot;gutter&quot;:0,&quot;ratio&quot;:&quot;1.33333&quot;},&quot;576&quot;:{&quot;columns&quot;:2,&quot;height&quot;:200,&quot;gutter&quot;:0,&quot;ratio&quot;:&quot;1.33333&quot;},&quot;320&quot;:{&quot;columns&quot;:2,&quot;height&quot;:200,&quot;gutter&quot;:0,&quot;ratio&quot;:&quot;1.33333&quot;}},&quot;fitRows&quot;:0,&quot;equalRows&quot;:0,&quot;equalColumns&quot;:1,&quot;fillLastRow&quot;:0,&quot;centerLastRow&quot;:0,&quot;horizontalOrder&quot;:1,&quot;fullWidth&quot;:0,&quot;transitionDelay&quot;:100,&quot;gallerySlideshow&quot;:0,&quot;rowsNumber&quot;:1,&quot;slideAlign&quot;:&quot;left&quot;,&quot;groupCells&quot;:1,&quot;draggable&quot;:1,&quot;initialIndex&quot;:0,&quot;contain&quot;:1,&quot;freeScroll&quot;:1,&quot;freeFriction&quot;:&quot;0.075&quot;,&quot;friction&quot;:&quot;0.285&quot;,&quot;attraction&quot;:&quot;0.025&quot;,&quot;autoPlay&quot;:0,&quot;pageDotAriaLabel&quot;:&quot;Page dot %d&quot;,&quot;isPreview&quot;:false,&quot;isGutenberg&quot;:false,&quot;rightToLeft&quot;:false}\"><div class=\"wpgb-svg-icons\" hidden>\n\t<svg viewbox=\"0 0 120 24\" width=\"0\" height=\"0\">\n\t<defs>\n        <polygon id=\"wpgb-star-svg\" points=\"12 2.5 15.1 8.8 22 9.8 17 14.6 18.2 21.5 12 18.3 5.8 21.5 7 14.6 2 9.8 8.9 8.8\"><\/polygon>\n    <\/defs>\n    <symbol id=\"wpgb-rating-stars-svg\">\n        <use xlink:href=\"#wpgb-star-svg\"><\/use>\n        <use xlink:href=\"#wpgb-star-svg\" x=\"24\"><\/use>\n        <use xlink:href=\"#wpgb-star-svg\" x=\"48\"><\/use>\n        <use xlink:href=\"#wpgb-star-svg\" x=\"72\"><\/use>\n        <use xlink:href=\"#wpgb-star-svg\" x=\"96\"><\/use>\n    <\/symbol>\n<\/svg>\n<\/div>\n<div class=\"wpgb-wrapper\">\n\t<div class=\"wpgb-main\">\n\t<div class=\"wpgb-layout\">\n\t<div class=\"wpgb-viewport\">\n\t\t<div class=\"wpgb-masonry\">\n\t\t\t<article class=\"wpgb-card wpgb-card-1 wpgb-post-3432\" data-col=\"1\" data-row=\"1\" data-format=\"standard\" data-fluid><div class=\"wpgb-card-wrapper\"><div class=\"wpgb-card-inner\" data-action><div class=\"wpgb-card-media wpgb-scheme-light\"><svg data-ratio style=\"padding-top:150%\" viewbox=\"0 0 768 1152\"><\/svg><div class=\"wpgb-card-media-thumbnail\"><a href=\"https:\/\/sirecomtappetiitalia.com\/wp-content\/uploads\/2024\/04\/Sintesi-79.webp\" tabindex=\"-1\" class=\"wpgb-handle-lb wpgb-lightbox\" data-type=\"image\" data-rel=\"35\" data-title=\"Sintesi-79\" title=\"Enlarge photo\"><div style=\"background-image:url(https:\/\/sirecomtappetiitalia.com\/wp-content\/uploads\/2024\/04\/Sintesi-79-768x1152.webp)\"><\/div><noscript><img decoding=\"async\" class=\"wpgb-noscript-img\" src=\"https:\/\/sirecomtappetiitalia.com\/wp-content\/uploads\/2024\/04\/Sintesi-79-768x1152.webp\" alt=\"\" height=\"1152\" width=\"768\"><\/noscript><\/a><\/div><div class=\"wpgb-card-media-overlay\"><\/div><\/div><a class=\"wpgb-card-layer-link\" href=\"https:\/\/sirecomtappetiitalia.com\/en\/product\/sintesi-79-240x340\/\"><\/a><\/div><\/div><\/article><article class=\"wpgb-card wpgb-card-1 wpgb-post-3430\" data-col=\"1\" data-row=\"1\" data-format=\"standard\" data-fluid><div class=\"wpgb-card-wrapper\"><div class=\"wpgb-card-inner\" data-action><div class=\"wpgb-card-media wpgb-scheme-light\"><svg data-ratio style=\"padding-top:150%\" viewbox=\"0 0 768 1152\"><\/svg><div class=\"wpgb-card-media-thumbnail\"><a href=\"https:\/\/sirecomtappetiitalia.com\/wp-content\/uploads\/2024\/04\/Sintesi-29.webp\" tabindex=\"-1\" class=\"wpgb-handle-lb wpgb-lightbox\" data-type=\"image\" data-rel=\"35\" data-title=\"Sintesi-29\" title=\"Enlarge photo\"><div style=\"background-image:url(https:\/\/sirecomtappetiitalia.com\/wp-content\/uploads\/2024\/04\/Sintesi-29-768x1152.webp)\"><\/div><noscript><img decoding=\"async\" class=\"wpgb-noscript-img\" src=\"https:\/\/sirecomtappetiitalia.com\/wp-content\/uploads\/2024\/04\/Sintesi-29-768x1152.webp\" alt=\"\" height=\"1152\" width=\"768\"><\/noscript><\/a><\/div><div class=\"wpgb-card-media-overlay\"><\/div><\/div><a class=\"wpgb-card-layer-link\" href=\"https:\/\/sirecomtappetiitalia.com\/en\/product\/sintesi-29-240x340\/\"><\/a><\/div><\/div><\/article><article class=\"wpgb-card wpgb-card-1 wpgb-post-3428\" data-col=\"1\" data-row=\"1\" data-format=\"standard\" data-fluid><div class=\"wpgb-card-wrapper\"><div class=\"wpgb-card-inner\" data-action><div class=\"wpgb-card-media wpgb-scheme-light\"><svg data-ratio style=\"padding-top:150%\" viewbox=\"0 0 768 1152\"><\/svg><div class=\"wpgb-card-media-thumbnail\"><a href=\"https:\/\/sirecomtappetiitalia.com\/wp-content\/uploads\/2024\/04\/Sintesi-26.webp\" tabindex=\"-1\" class=\"wpgb-handle-lb wpgb-lightbox\" data-type=\"image\" data-rel=\"35\" data-title=\"Sintesi-26\" title=\"Enlarge photo\"><div style=\"background-image:url(https:\/\/sirecomtappetiitalia.com\/wp-content\/uploads\/2024\/04\/Sintesi-26-768x1152.webp)\"><\/div><noscript><img decoding=\"async\" class=\"wpgb-noscript-img\" src=\"https:\/\/sirecomtappetiitalia.com\/wp-content\/uploads\/2024\/04\/Sintesi-26-768x1152.webp\" alt=\"\" height=\"1152\" width=\"768\"><\/noscript><\/a><\/div><div class=\"wpgb-card-media-overlay\"><\/div><\/div><a class=\"wpgb-card-layer-link\" href=\"https:\/\/sirecomtappetiitalia.com\/en\/product\/sintesi-26-240x340\/\"><\/a><\/div><\/div><\/article><article class=\"wpgb-card wpgb-card-1 wpgb-post-3429\" data-col=\"1\" data-row=\"1\" data-format=\"standard\" data-fluid><div class=\"wpgb-card-wrapper\"><div class=\"wpgb-card-inner\" data-action><div class=\"wpgb-card-media wpgb-scheme-light\"><svg data-ratio style=\"padding-top:150%\" viewbox=\"0 0 768 1152\"><\/svg><div class=\"wpgb-card-media-thumbnail\"><a href=\"https:\/\/sirecomtappetiitalia.com\/wp-content\/uploads\/2024\/04\/Sintesi-27.webp\" tabindex=\"-1\" class=\"wpgb-handle-lb wpgb-lightbox\" data-type=\"image\" data-rel=\"35\" data-title=\"Sintesi-27\" title=\"Enlarge photo\"><div style=\"background-image:url(https:\/\/sirecomtappetiitalia.com\/wp-content\/uploads\/2024\/04\/Sintesi-27-768x1152.webp)\"><\/div><noscript><img decoding=\"async\" class=\"wpgb-noscript-img\" src=\"https:\/\/sirecomtappetiitalia.com\/wp-content\/uploads\/2024\/04\/Sintesi-27-768x1152.webp\" alt=\"\" height=\"1152\" width=\"768\"><\/noscript><\/a><\/div><div class=\"wpgb-card-media-overlay\"><\/div><\/div><a class=\"wpgb-card-layer-link\" href=\"https:\/\/sirecomtappetiitalia.com\/en\/product\/sintesi-27-240x340\/\"><\/a><\/div><\/div><\/article><article class=\"wpgb-card wpgb-card-1 wpgb-post-3433\" data-col=\"1\" data-row=\"1\" data-format=\"standard\" data-fluid><div class=\"wpgb-card-wrapper\"><div class=\"wpgb-card-inner\" data-action><div class=\"wpgb-card-media wpgb-scheme-light\"><svg data-ratio style=\"padding-top:150%\" viewbox=\"0 0 768 1152\"><\/svg><div class=\"wpgb-card-media-thumbnail\"><a href=\"https:\/\/sirecomtappetiitalia.com\/wp-content\/uploads\/2024\/04\/Sintesi-82.webp\" tabindex=\"-1\" class=\"wpgb-handle-lb wpgb-lightbox\" data-type=\"image\" data-rel=\"35\" data-title=\"Sintesi-82\" title=\"Enlarge photo\"><div style=\"background-image:url(https:\/\/sirecomtappetiitalia.com\/wp-content\/uploads\/2024\/04\/Sintesi-82-768x1152.webp)\"><\/div><noscript><img decoding=\"async\" class=\"wpgb-noscript-img\" src=\"https:\/\/sirecomtappetiitalia.com\/wp-content\/uploads\/2024\/04\/Sintesi-82-768x1152.webp\" alt=\"\" height=\"1152\" width=\"768\"><\/noscript><\/a><\/div><div class=\"wpgb-card-media-overlay\"><\/div><\/div><a class=\"wpgb-card-layer-link\" href=\"https:\/\/sirecomtappetiitalia.com\/en\/product\/sintesi-82-240x340\/\"><\/a><\/div><\/div><\/article><article class=\"wpgb-card wpgb-card-1 wpgb-post-3431\" data-col=\"1\" data-row=\"1\" data-format=\"standard\" data-fluid><div class=\"wpgb-card-wrapper\"><div class=\"wpgb-card-inner\" data-action><div class=\"wpgb-card-media wpgb-scheme-light\"><svg data-ratio style=\"padding-top:150%\" viewbox=\"0 0 768 1152\"><\/svg><div class=\"wpgb-card-media-thumbnail\"><a href=\"https:\/\/sirecomtappetiitalia.com\/wp-content\/uploads\/2024\/04\/Sintesi-48.webp\" tabindex=\"-1\" class=\"wpgb-handle-lb wpgb-lightbox\" data-type=\"image\" data-rel=\"35\" data-title=\"Sintesi-48\" title=\"Enlarge photo\"><div style=\"background-image:url(https:\/\/sirecomtappetiitalia.com\/wp-content\/uploads\/2024\/04\/Sintesi-48-768x1152.webp)\"><\/div><noscript><img decoding=\"async\" class=\"wpgb-noscript-img\" src=\"https:\/\/sirecomtappetiitalia.com\/wp-content\/uploads\/2024\/04\/Sintesi-48-768x1152.webp\" alt=\"\" height=\"1152\" width=\"768\"><\/noscript><\/a><\/div><div class=\"wpgb-card-media-overlay\"><\/div><\/div><a class=\"wpgb-card-layer-link\" href=\"https:\/\/sirecomtappetiitalia.com\/en\/product\/sintesi-48-240x340\/\"><\/a><\/div><\/div><\/article>\t\t<\/div>\n\t<\/div>\n\t<\/div>\n<div class=\"wpgb-area wpgb-area-bottom-1\">\n\t<button type=\"button\" class=\"wpgb-prev-button\" aria-label=\"Previous slide\" hidden>\n\t<svg><use xlink:href=\"https:\/\/sirecomtappetiitalia.com\/wp-content\/plugins\/wp-grid-builder\/public\/svg\/arrows\/arrow-left.svg#wpgb-icon\"\/><\/svg><\/button>\n<button type=\"button\" class=\"wpgb-next-button\" aria-label=\"Next slide\" hidden>\n\t<svg><use xlink:href=\"https:\/\/sirecomtappetiitalia.com\/wp-content\/plugins\/wp-grid-builder\/public\/svg\/arrows\/arrow-right.svg#wpgb-icon\"\/><\/svg><\/button>\n<\/div>\n\t<\/div>\n\t\t<\/div>\n<\/div>\n<\/div><\/div><\/div><\/div><div class=\"fusion-fullwidth fullwidth-box fusion-builder-row-4 fusion-flex-container nonhundred-percent-fullwidth non-hundred-percent-height-scrolling\" style=\"--awb-border-radius-top-left:0px;--awb-border-radius-top-right:0px;--awb-border-radius-bottom-right:0px;--awb-border-radius-bottom-left:0px;--awb-padding-right:7.5%;--awb-padding-bottom:80px;--awb-padding-left:7.5%;--awb-flex-wrap:wrap;\" ><div class=\"fusion-builder-row fusion-row fusion-flex-align-items-flex-start fusion-flex-justify-content-flex-end fusion-flex-content-wrap\" style=\"max-width:104%;margin-left: calc(-4% \/ 2 );margin-right: calc(-4% \/ 2 );\"><div class=\"fusion-layout-column fusion_builder_column fusion-builder-column-5 fusion_builder_column_1_3 1_3 fusion-flex-column\" style=\"--awb-bg-size:cover;--awb-width-large:33.333333333333%;--awb-margin-top-large:0px;--awb-spacing-right-large:5.76%;--awb-margin-bottom-large:0px;--awb-spacing-left-large:5.76%;--awb-width-medium:33.333333333333%;--awb-order-medium:0;--awb-spacing-right-medium:5.76%;--awb-spacing-left-medium:5.76%;--awb-width-small:100%;--awb-order-small:0;--awb-spacing-right-small:1.92%;--awb-spacing-left-small:1.92%;\"><div class=\"fusion-column-wrapper fusion-column-has-shadow fusion-flex-justify-content-flex-start fusion-content-layout-column\"><div class=\"fusion-text fusion-text-4\" style=\"--awb-content-alignment:right;--awb-font-size:27px;--awb-line-height:220px;--awb-text-transform:none;--awb-text-font-family:&quot;Bodoni&quot;;--awb-text-font-style:normal;--awb-text-font-weight:400;\"><p><a href=\"https:\/\/sirecomtappetiitalia.com\/en\/collezioni-generali\/\">Back to Collections<\/a><\/p>\n<\/div><\/div><\/div><\/div><\/div><\/p>","protected":false},"excerpt":{"rendered":"","protected":false},"author":2,"featured_media":0,"parent":0,"menu_order":0,"comment_status":"closed","ping_status":"closed","template":"","meta":{"_acf_changed":false,"footnotes":""},"class_list":["post-3345","page","type-page","status-publish","format-standard","hentry"],"acf":[],"_links":{"self":[{"href":"https:\/\/sirecomtappetiitalia.com\/en\/wp-json\/wp\/v2\/pages\/3345","targetHints":{"allow":["GET"]}}],"collection":[{"href":"https:\/\/sirecomtappetiitalia.com\/en\/wp-json\/wp\/v2\/pages"}],"about":[{"href":"https:\/\/sirecomtappetiitalia.com\/en\/wp-json\/wp\/v2\/types\/page"}],"author":[{"embeddable":true,"href":"https:\/\/sirecomtappetiitalia.com\/en\/wp-json\/wp\/v2\/users\/2"}],"replies":[{"embeddable":true,"href":"https:\/\/sirecomtappetiitalia.com\/en\/wp-json\/wp\/v2\/comments?post=3345"}],"version-history":[{"count":6,"href":"https:\/\/sirecomtappetiitalia.com\/en\/wp-json\/wp\/v2\/pages\/3345\/revisions"}],"predecessor-version":[{"id":3608,"href":"https:\/\/sirecomtappetiitalia.com\/en\/wp-json\/wp\/v2\/pages\/3345\/revisions\/3608"}],"wp:attachment":[{"href":"https:\/\/sirecomtappetiitalia.com\/en\/wp-json\/wp\/v2\/media?parent=3345"}],"curies":[{"name":"wp","href":"https:\/\/api.w.org\/{rel}","templated":true}]}}